{"id":1238,"date":"2020-11-20T13:26:34","date_gmt":"2020-11-20T12:26:34","guid":{"rendered":"https:\/\/www.yogasan.de\/clases-particulares\/"},"modified":"2023-04-09T23:20:20","modified_gmt":"2023-04-09T21:20:20","slug":"clases-particulares","status":"publish","type":"page","link":"https:\/\/yogasan.de\/es\/clases-particulares\/","title":{"rendered":"Clases particulares"},"content":{"rendered":"\t\t<div data-elementor-type=\"wp-page\" data-elementor-id=\"1238\" class=\"elementor elementor-1238 elementor-622\" data-elementor-post-type=\"page\">\n\t\t\t\t\t\t<section class=\"elementor-section elementor-top-section elementor-element elementor-element-784ac0bd elementor-section-boxed elementor-section-height-default elementor-section-height-default\" data-id=\"784ac0bd\" data-element_type=\"section\">\n\t\t\t\t\t\t<div class=\"elementor-container elementor-column-gap-default\">\n\t\t\t\t\t<div class=\"elementor-column elementor-col-100 elementor-top-column elementor-element elementor-element-7e312a8b\" data-id=\"7e312a8b\" data-element_type=\"column\" data-settings=\"{&quot;background_background&quot;:&quot;classic&quot;}\">\n\t\t\t<div class=\"elementor-widget-wrap elementor-element-populated\">\n\t\t\t\t\t\t<section class=\"elementor-section elementor-inner-section elementor-element elementor-element-39f2d396 elementor-section-boxed elementor-section-height-default elementor-section-height-default\" data-id=\"39f2d396\" data-element_type=\"section\">\n\t\t\t\t\t\t<div class=\"elementor-container elementor-column-gap-default\">\n\t\t\t\t\t<div class=\"elementor-column elementor-col-50 elementor-inner-column elementor-element elementor-element-6855a6a9\" data-id=\"6855a6a9\" data-element_type=\"column\" data-settings=\"{&quot;background_background&quot;:&quot;classic&quot;}\">\n\t\t\t<div class=\"elementor-widget-wrap elementor-element-populated\">\n\t\t\t\t\t\t<div class=\"elementor-element elementor-element-4f287e54 elementor-widget elementor-widget-image\" data-id=\"4f287e54\" data-element_type=\"widget\" data-widget_type=\"image.default\">\n\t\t\t\t<div class=\"elementor-widget-container\">\n\t\t\t\t\t\t\t\t\t\t\t\t\t\t\t<img fetchpriority=\"high\" decoding=\"async\" width=\"241\" height=\"444\" src=\"https:\/\/yogasan.de\/wp-content\/uploads\/2020\/11\/Bildschirmfoto-2020-11-19-um-18.49.23.png\" class=\"attachment-large size-large wp-image-1018\" alt=\"\" srcset=\"https:\/\/yogasan.de\/wp-content\/uploads\/2020\/11\/Bildschirmfoto-2020-11-19-um-18.49.23.png 241w, https:\/\/yogasan.de\/wp-content\/uploads\/2020\/11\/Bildschirmfoto-2020-11-19-um-18.49.23-163x300.png 163w\" sizes=\"(max-width: 241px) 100vw, 241px\" \/>\t\t\t\t\t\t\t\t\t\t\t\t\t\t\t<\/div>\n\t\t\t\t<\/div>\n\t\t\t\t\t<\/div>\n\t\t<\/div>\n\t\t\t\t<div class=\"elementor-column elementor-col-50 elementor-inner-column elementor-element elementor-element-60ce293\" data-id=\"60ce293\" data-element_type=\"column\" data-settings=\"{&quot;background_background&quot;:&quot;classic&quot;}\">\n\t\t\t<div class=\"elementor-widget-wrap elementor-element-populated\">\n\t\t\t\t\t\t<div class=\"elementor-element elementor-element-e91a1a5 elementor-widget elementor-widget-text-editor\" data-id=\"e91a1a5\" data-element_type=\"widget\" data-widget_type=\"text-editor.default\">\n\t\t\t\t<div class=\"elementor-widget-container\">\n\t\t\t\t\t\t\t\t\t<p>Fuerza, flexibilidad y equilibrio para cuerpo y mente\u2026<\/p>\t\t\t\t\t\t\t\t<\/div>\n\t\t\t\t<\/div>\n\t\t\t\t<div class=\"elementor-element elementor-element-d5fdf94 elementor-widget elementor-widget-heading\" data-id=\"d5fdf94\" data-element_type=\"widget\" data-widget_type=\"heading.default\">\n\t\t\t\t<div class=\"elementor-widget-container\">\n\t\t\t\t\t<h2 class=\"elementor-heading-title elementor-size-default\">Clases particulares de Yoga<\/h2>\t\t\t\t<\/div>\n\t\t\t\t<\/div>\n\t\t\t\t<div class=\"elementor-element elementor-element-6ae4f652 elementor-widget elementor-widget-text-editor\" data-id=\"6ae4f652\" data-element_type=\"widget\" data-widget_type=\"text-editor.default\">\n\t\t\t\t<div class=\"elementor-widget-container\">\n\t\t\t\t\t\t\t\t\t<p>Con gusto voy a su casa, si es s\u00f3lo para usted o para un peque\u00f1o grupo de amigos, la clase de yoga<br \/>se hace a su medida. Tanto si prefiere tonificaci\u00f3n o relajaci\u00f3n de los m\u00fasculos de la espalda, t\u00e9cnicas<br \/>de respiraci\u00f3n y relajaci\u00f3n o clases m\u00e1s activas con elementos din\u00e1micos del Asana Flow y con variantes<br \/>m\u00e1s avanzadas\u2026<\/p><p>Como usted lo desee, en su casa, en el hotel o junto al mar, finalizando con una relajaci\u00f3n<br \/>profunda (tambi\u00e9n puede solicitar un masaje de cabeza).<\/p><p><b>Clase particular a partir de 65 \u20ac (precio total para 1-2 personas | 60 Min.)<\/b><br \/>Yo me encargo de llevar esterillas, cinturones y otros accesorios.<br \/>Se aplicar\u00e1 un peque\u00f1o suplemento por grupos m\u00e1s grandes.<\/p><p>Con gusto le preparar\u00e9 una oferta individual.\u00a0<a href=\"https:\/\/yogasan.de\/es\/contacto\/\">&gt;&gt; contacto<\/a><\/p>\t\t\t\t\t\t\t\t<\/div>\n\t\t\t\t<\/div>\n\t\t\t\t<div class=\"elementor-element elementor-element-470aee40 elementor-widget-divider--view-line elementor-widget elementor-widget-divider\" data-id=\"470aee40\" data-element_type=\"widget\" data-widget_type=\"divider.default\">\n\t\t\t\t<div class=\"elementor-widget-container\">\n\t\t\t\t\t\t\t<div class=\"elementor-divider\">\n\t\t\t<span class=\"elementor-divider-separator\">\n\t\t\t\t\t\t<\/span>\n\t\t<\/div>\n\t\t\t\t\t\t<\/div>\n\t\t\t\t<\/div>\n\t\t\t\t<div class=\"elementor-element elementor-element-119ac6c elementor-widget elementor-widget-text-editor\" data-id=\"119ac6c\" data-element_type=\"widget\" data-widget_type=\"text-editor.default\">\n\t\t\t\t<div class=\"elementor-widget-container\">\n\t\t\t\t\t\t\t\t\t<p><b>Cursos y horarios\u00a0<\/b><a href=\"https:\/\/yogasan.de\/es\/oferta-de-cursos\/\">&gt;&gt; ver m\u00e1s<\/a><br \/><b>Business Yoga\u00a0<\/b><a href=\"https:\/\/yogasan.de\/es\/business-yoga\/\">&gt;&gt; ver m\u00e1s<\/a><br \/><b>Sobre Yoga\u00a0<\/b><a href=\"https:\/\/yogasan.de\/es\/sobre-yoga\/\">&gt;&gt; ver m\u00e1s\u00a0\u00a0\u00a0\u00a0<\/a><\/p>\t\t\t\t\t\t\t\t<\/div>\n\t\t\t\t<\/div>\n\t\t\t\t\t<\/div>\n\t\t<\/div>\n\t\t\t\t\t<\/div>\n\t\t<\/section>\n\t\t\t\t\t<\/div>\n\t\t<\/div>\n\t\t\t\t\t<\/div>\n\t\t<\/section>\n\t\t\t\t<\/div>\n\t\t","protected":false},"excerpt":{"rendered":"<p>Fuerza, flexibilidad y equilibrio para cuerpo y mente\u2026 Clases particulares de Yoga Con gusto voy a su casa, si es s\u00f3lo para usted o para un peque\u00f1o grupo de amigos, la clase de yogase hace a su medida. Tanto si prefiere tonificaci\u00f3n o relajaci\u00f3n de los m\u00fasculos de la espalda, t\u00e9cnicasde respiraci\u00f3n y relajaci\u00f3n o [&hellip;]<\/p>\n","protected":false},"author":1,"featured_media":0,"parent":0,"menu_order":0,"comment_status":"closed","ping_status":"closed","template":"","meta":{"footnotes":""},"class_list":["post-1238","page","type-page","status-publish","hentry"],"_links":{"self":[{"href":"https:\/\/yogasan.de\/es\/wp-json\/wp\/v2\/pages\/1238","targetHints":{"allow":["GET"]}}],"collection":[{"href":"https:\/\/yogasan.de\/es\/wp-json\/wp\/v2\/pages"}],"about":[{"href":"https:\/\/yogasan.de\/es\/wp-json\/wp\/v2\/types\/page"}],"author":[{"embeddable":true,"href":"https:\/\/yogasan.de\/es\/wp-json\/wp\/v2\/users\/1"}],"replies":[{"embeddable":true,"href":"https:\/\/yogasan.de\/es\/wp-json\/wp\/v2\/comments?post=1238"}],"version-history":[{"count":10,"href":"https:\/\/yogasan.de\/es\/wp-json\/wp\/v2\/pages\/1238\/revisions"}],"predecessor-version":[{"id":5843,"href":"https:\/\/yogasan.de\/es\/wp-json\/wp\/v2\/pages\/1238\/revisions\/5843"}],"wp:attachment":[{"href":"https:\/\/yogasan.de\/es\/wp-json\/wp\/v2\/media?parent=1238"}],"curies":[{"name":"wp","href":"https:\/\/api.w.org\/{rel}","templated":true}]}}