{"id":1303,"date":"2020-11-20T14:03:10","date_gmt":"2020-11-20T13:03:10","guid":{"rendered":"https:\/\/www.yogasan.de\/sobre-yoga\/"},"modified":"2022-05-31T14:15:32","modified_gmt":"2022-05-31T12:15:32","slug":"sobre-yoga","status":"publish","type":"page","link":"https:\/\/yogasan.de\/es\/sobre-yoga\/","title":{"rendered":"YOGA"},"content":{"rendered":"\t\t<div data-elementor-type=\"wp-page\" data-elementor-id=\"1303\" class=\"elementor elementor-1303 elementor-616\" data-elementor-post-type=\"page\">\n\t\t\t\t\t\t<section class=\"elementor-section elementor-top-section elementor-element elementor-element-53eda48 elementor-section-boxed elementor-section-height-default elementor-section-height-default\" data-id=\"53eda48\" data-element_type=\"section\">\n\t\t\t\t\t\t<div class=\"elementor-container elementor-column-gap-default\">\n\t\t\t\t\t<div class=\"elementor-column elementor-col-100 elementor-top-column elementor-element elementor-element-b9bfa80\" data-id=\"b9bfa80\" data-element_type=\"column\" data-settings=\"{&quot;background_background&quot;:&quot;classic&quot;}\">\n\t\t\t<div class=\"elementor-widget-wrap elementor-element-populated\">\n\t\t\t\t\t\t<section class=\"elementor-section elementor-inner-section elementor-element elementor-element-47d2e5cd elementor-section-boxed elementor-section-height-default elementor-section-height-default\" data-id=\"47d2e5cd\" data-element_type=\"section\">\n\t\t\t\t\t\t<div class=\"elementor-container elementor-column-gap-default\">\n\t\t\t\t\t<div class=\"elementor-column elementor-col-50 elementor-inner-column elementor-element elementor-element-7ef3f4f3\" data-id=\"7ef3f4f3\" data-element_type=\"column\" data-settings=\"{&quot;background_background&quot;:&quot;classic&quot;}\">\n\t\t\t<div class=\"elementor-widget-wrap elementor-element-populated\">\n\t\t\t\t\t\t<div class=\"elementor-element elementor-element-713f09fa elementor-widget elementor-widget-image\" data-id=\"713f09fa\" data-element_type=\"widget\" data-widget_type=\"image.default\">\n\t\t\t\t<div class=\"elementor-widget-container\">\n\t\t\t\t\t\t\t\t\t\t\t\t\t\t\t<img fetchpriority=\"high\" decoding=\"async\" width=\"241\" height=\"444\" src=\"https:\/\/yogasan.de\/wp-content\/uploads\/2020\/11\/Bildschirmfoto-2020-11-19-um-18.49.23.png\" class=\"attachment-large size-large wp-image-1018\" alt=\"\" srcset=\"https:\/\/yogasan.de\/wp-content\/uploads\/2020\/11\/Bildschirmfoto-2020-11-19-um-18.49.23.png 241w, https:\/\/yogasan.de\/wp-content\/uploads\/2020\/11\/Bildschirmfoto-2020-11-19-um-18.49.23-163x300.png 163w\" sizes=\"(max-width: 241px) 100vw, 241px\" \/>\t\t\t\t\t\t\t\t\t\t\t\t\t\t\t<\/div>\n\t\t\t\t<\/div>\n\t\t\t\t\t<\/div>\n\t\t<\/div>\n\t\t\t\t<div class=\"elementor-column elementor-col-50 elementor-inner-column elementor-element elementor-element-232ef9e9\" data-id=\"232ef9e9\" data-element_type=\"column\" data-settings=\"{&quot;background_background&quot;:&quot;classic&quot;}\">\n\t\t\t<div class=\"elementor-widget-wrap elementor-element-populated\">\n\t\t\t\t\t\t<div class=\"elementor-element elementor-element-fb3c4c1 elementor-widget elementor-widget-text-editor\" data-id=\"fb3c4c1\" data-element_type=\"widget\" data-widget_type=\"text-editor.default\">\n\t\t\t\t<div class=\"elementor-widget-container\">\n\t\t\t\t\t\t\t\t\t<p>YOGA<\/p>\t\t\t\t\t\t\t\t<\/div>\n\t\t\t\t<\/div>\n\t\t\t\t<div class=\"elementor-element elementor-element-7718e34 elementor-widget elementor-widget-text-editor\" data-id=\"7718e34\" data-element_type=\"widget\" data-widget_type=\"text-editor.default\">\n\t\t\t\t<div class=\"elementor-widget-container\">\n\t\t\t\t\t\t\t\t\t<p>Fuerza, flexibilidad y equilibrio para cuerpo y mente&#8230;<\/p>\t\t\t\t\t\t\t\t<\/div>\n\t\t\t\t<\/div>\n\t\t\t\t<div class=\"elementor-element elementor-element-6038b3e elementor-widget elementor-widget-text-editor\" data-id=\"6038b3e\" data-element_type=\"widget\" data-widget_type=\"text-editor.default\">\n\t\t\t\t<div class=\"elementor-widget-container\">\n\t\t\t\t\t\t\t\t\t<p><i>\u00abEl yoga no s\u00f3lo nos hace ser m\u00e1s fuertes y m\u00e1s relajados, tambi\u00e9n nos lleva a estar en contacto<br \/>\ncon nosotros mismos, nos hace m\u00e1s conscientes, m\u00e1s alertas y sigue actuando en la vida cotidiana\u2026\u201d<\/i><\/p>\n\t\t\t\t\t\t\t\t<\/div>\n\t\t\t\t<\/div>\n\t\t\t\t<div class=\"elementor-element elementor-element-7d618d1 elementor-widget elementor-widget-heading\" data-id=\"7d618d1\" data-element_type=\"widget\" data-widget_type=\"heading.default\">\n\t\t\t\t<div class=\"elementor-widget-container\">\n\t\t\t\t\t<h2 class=\"elementor-heading-title elementor-size-default\">Clases de yoga<\/h2>\t\t\t\t<\/div>\n\t\t\t\t<\/div>\n\t\t\t\t<div class=\"elementor-element elementor-element-4f83274 elementor-widget elementor-widget-text-editor\" data-id=\"4f83274\" data-element_type=\"widget\" data-widget_type=\"text-editor.default\">\n\t\t\t\t<div class=\"elementor-widget-container\">\n\t\t\t\t\t\t\t\t\t<p><span class=\"green\"><b>Hatha Yoga<\/b><\/span>\u00a0\u00b7 Asana \u2013 posturas de yoga \u00b7 Pranayama &#8211; ejercicios de respiraci\u00f3n<br \/>t\u00e9cnicas de relajaci\u00f3n \u00b7 pensamiento positivo\/meditaci\u00f3n \u00b7 estilo de vida saludable<\/p><p><span class=\"green\"><b>Asana Flow<\/b><\/span>\u00a0\u00b7 un estilo de Hatha Yoga din\u00e1mico con movimientos fluidos<br \/>en relaci\u00f3n con la respiraci\u00f3n, activa, desarrolla resistencia y fuerza.<\/p><p>Sonia Schuster,<b>\u00a0profesora de yoga con muchos a\u00f1os de experiencia<\/b>, formada en la tradici\u00f3n Sivananda,<br \/>ense\u00f1a de forma no dogm\u00e1tica Hatha Yoga y Asana Flow \u2013 de este modo el curso puede variar<br \/>de din\u00e1mico y estimulante a tranquilo y relajante.\u00a0<a href=\"https:\/\/yogasan.de\/yogasan\/?lang=es\">&gt;&gt; ver m\u00e1s<\/a><\/p>\t\t\t\t\t\t\t\t<\/div>\n\t\t\t\t<\/div>\n\t\t\t\t<div class=\"elementor-element elementor-element-74a12c4 elementor-widget-divider--view-line elementor-widget elementor-widget-divider\" data-id=\"74a12c4\" data-element_type=\"widget\" data-widget_type=\"divider.default\">\n\t\t\t\t<div class=\"elementor-widget-container\">\n\t\t\t\t\t\t\t<div class=\"elementor-divider\">\n\t\t\t<span class=\"elementor-divider-separator\">\n\t\t\t\t\t\t<\/span>\n\t\t<\/div>\n\t\t\t\t\t\t<\/div>\n\t\t\t\t<\/div>\n\t\t\t\t<div class=\"elementor-element elementor-element-3c618b7 elementor-widget elementor-widget-heading\" data-id=\"3c618b7\" data-element_type=\"widget\" data-widget_type=\"heading.default\">\n\t\t\t\t<div class=\"elementor-widget-container\">\n\t\t\t\t\t<h2 class=\"elementor-heading-title elementor-size-default\">Cursos de yoga<\/h2>\t\t\t\t<\/div>\n\t\t\t\t<\/div>\n\t\t\t\t<div class=\"elementor-element elementor-element-daf8c2c elementor-widget elementor-widget-text-editor\" data-id=\"daf8c2c\" data-element_type=\"widget\" data-widget_type=\"text-editor.default\">\n\t\t\t\t<div class=\"elementor-widget-container\">\n\t\t\t\t\t\t\t\t\t<p>Hatha Yoga \u00b7 cursos para principiantes, nivel intermedio y avanzado<br \/>\nAyuryoga, Yoga Bodywork, yoga para la espalda, yoga para ni\u00f1os<br \/>\nYoga Restaurativo (enfermedad, estr\u00e9s, agotamiento)<br \/>\nFasciaYoga, Yoga<\/p>\n\t\t\t\t\t\t\t\t<\/div>\n\t\t\t\t<\/div>\n\t\t\t\t<div class=\"elementor-element elementor-element-480e114 elementor-widget-divider--view-line elementor-widget elementor-widget-divider\" data-id=\"480e114\" data-element_type=\"widget\" data-widget_type=\"divider.default\">\n\t\t\t\t<div class=\"elementor-widget-container\">\n\t\t\t\t\t\t\t<div class=\"elementor-divider\">\n\t\t\t<span class=\"elementor-divider-separator\">\n\t\t\t\t\t\t<\/span>\n\t\t<\/div>\n\t\t\t\t\t\t<\/div>\n\t\t\t\t<\/div>\n\t\t\t\t<div class=\"elementor-element elementor-element-ee28e76 elementor-widget elementor-widget-text-editor\" data-id=\"ee28e76\" data-element_type=\"widget\" data-widget_type=\"text-editor.default\">\n\t\t\t\t<div class=\"elementor-widget-container\">\n\t\t\t\t\t\t\t\t\t<p><b>Cursos y horarios\u00a0<\/b><a href=\"https:\/\/yogasan.de\/es\/oferta-de-cursos\/\">&gt;&gt; ver m\u00e1s<\/a><br \/><b>Business Yoga\u00a0<\/b><a href=\"https:\/\/yogasan.de\/es\/business-yoga\/\">&gt;&gt; ver m\u00e1s<\/a><br \/><b>Sobre Yoga\u00a0<\/b><a href=\"https:\/\/yogasan.de\/es\/sobre-yoga\/\">&gt;&gt; ver m\u00e1s\u00a0\u00a0\u00a0\u00a0<\/a><\/p>\t\t\t\t\t\t\t\t<\/div>\n\t\t\t\t<\/div>\n\t\t\t\t\t<\/div>\n\t\t<\/div>\n\t\t\t\t\t<\/div>\n\t\t<\/section>\n\t\t\t\t\t<\/div>\n\t\t<\/div>\n\t\t\t\t\t<\/div>\n\t\t<\/section>\n\t\t\t\t<\/div>\n\t\t","protected":false},"excerpt":{"rendered":"<p>YOGA Fuerza, flexibilidad y equilibrio para cuerpo y mente&#8230; \u00abEl yoga no s\u00f3lo nos hace ser m\u00e1s fuertes y m\u00e1s relajados, tambi\u00e9n nos lleva a estar en contacto con nosotros mismos, nos hace m\u00e1s conscientes, m\u00e1s alertas y sigue actuando en la vida cotidiana\u2026\u201d Clases de yoga Hatha Yoga\u00a0\u00b7 Asana \u2013 posturas de yoga \u00b7 [&hellip;]<\/p>\n","protected":false},"author":1,"featured_media":0,"parent":0,"menu_order":0,"comment_status":"closed","ping_status":"closed","template":"","meta":{"footnotes":""},"class_list":["post-1303","page","type-page","status-publish","hentry"],"_links":{"self":[{"href":"https:\/\/yogasan.de\/es\/wp-json\/wp\/v2\/pages\/1303","targetHints":{"allow":["GET"]}}],"collection":[{"href":"https:\/\/yogasan.de\/es\/wp-json\/wp\/v2\/pages"}],"about":[{"href":"https:\/\/yogasan.de\/es\/wp-json\/wp\/v2\/types\/page"}],"author":[{"embeddable":true,"href":"https:\/\/yogasan.de\/es\/wp-json\/wp\/v2\/users\/1"}],"replies":[{"embeddable":true,"href":"https:\/\/yogasan.de\/es\/wp-json\/wp\/v2\/comments?post=1303"}],"version-history":[{"count":10,"href":"https:\/\/yogasan.de\/es\/wp-json\/wp\/v2\/pages\/1303\/revisions"}],"predecessor-version":[{"id":5560,"href":"https:\/\/yogasan.de\/es\/wp-json\/wp\/v2\/pages\/1303\/revisions\/5560"}],"wp:attachment":[{"href":"https:\/\/yogasan.de\/es\/wp-json\/wp\/v2\/media?parent=1303"}],"curies":[{"name":"wp","href":"https:\/\/api.w.org\/{rel}","templated":true}]}}